{"id":250077,"date":"2023-12-01T07:45:49","date_gmt":"2023-12-01T06:45:49","guid":{"rendered":"https:\/\/lespapillonsblancs.fr\/?page_id=250077"},"modified":"2023-12-01T07:46:26","modified_gmt":"2023-12-01T06:46:26","slug":"250077-2","status":"publish","type":"page","link":"https:\/\/lespapillonsblancs.fr\/index.php\/250077-2\/","title":{"rendered":"Faire un don"},"content":{"rendered":"\n[et_pb_section fb_built=\u00a0\u00bb1&Prime; next_background_color=\u00a0\u00bb#ffffff\u00a0\u00bb admin_label=\u00a0\u00bbSection\u00a0\u00bb _builder_version=\u00a0\u00bb4.23.1&Prime; _module_preset=\u00a0\u00bbdefault\u00a0\u00bb use_background_color_gradient=\u00a0\u00bbon\u00a0\u00bb background_image=\u00a0\u00bbhttp:\/\/lespapillonsblancs.fr\/wp-content\/uploads\/2023\/11\/nursing-home_36.jpeg\u00a0\u00bb background_blend=\u00a0\u00bbsoft-light\u00a0\u00bb bottom_divider_style=\u00a0\u00bbwaves2&Prime; bottom_divider_height=\u00a0\u00bb72px\u00a0\u00bb bottom_divider_repeat=\u00a0\u00bb1x\u00a0\u00bb global_colors_info=\u00a0\u00bb{}\u00a0\u00bb global_module=\u00a0\u00bb250083&Prime; theme_builder_area=\u00a0\u00bbpost_content\u00a0\u00bb][et_pb_row _builder_version=\u00a0\u00bb4.23.1&Prime; _module_preset=\u00a0\u00bbdefault\u00a0\u00bb background_color=\u00a0\u00bbRGBA(255,255,255,0)\u00a0\u00bb custom_margin=\u00a0\u00bb||20px||false|false\u00a0\u00bb global_colors_info=\u00a0\u00bb{}\u00a0\u00bb theme_builder_area=\u00a0\u00bbpost_content\u00a0\u00bb][et_pb_column type=\u00a0\u00bb4_4&Prime; _builder_version=\u00a0\u00bb4.23.1&Prime; _module_preset=\u00a0\u00bbdefault\u00a0\u00bb global_colors_info=\u00a0\u00bb{}\u00a0\u00bb theme_builder_area=\u00a0\u00bbpost_content\u00a0\u00bb][et_pb_cta button_text=\u00a0\u00bbClics\u00a0\u00bb _builder_version=\u00a0\u00bb4.23.1&Prime; _module_preset=\u00a0\u00bbdefault\u00a0\u00bb header_level=\u00a0\u00bbh1&Prime; body_line_height=\u00a0\u00bb1.9em\u00a0\u00bb use_background_color=\u00a0\u00bboff\u00a0\u00bb global_colors_info=\u00a0\u00bb{}\u00a0\u00bb theme_builder_area=\u00a0\u00bbpost_content\u00a0\u00bb]<span style=\"font-size: xx-large;\">Gr\u00e2ce \u00e0 vos dons, nous embellissons leur quotidien<\/span>\n\n<span style=\"font-size: large;\">Quel que soit le montant, chaque don est pr\u00e9cieux et contribue \u00e0 am\u00e9liorer les conditions de vie et de d\u00e9veloppement des personnes handicap\u00e9es que nous accueillons. Soutenez les femmes et les hommes qui \u0153uvrent tous les jours pour le handicap en faisant un don en ligne. Gr\u00e2ce \u00e0 vos dons, nous embellissons leur quotidien.<\/span>[\/et_pb_cta][\/et_pb_column][\/et_pb_row][\/et_pb_section][et_pb_section fb_built=\u00a0\u00bb1&Prime; theme_builder_area=\u00a0\u00bbpost_content\u00a0\u00bb _builder_version=\u00a0\u00bb4.23.1&Prime; _module_preset=\u00a0\u00bbdefault\u00a0\u00bb][et_pb_row _builder_version=\u00a0\u00bb4.23.1&Prime; _module_preset=\u00a0\u00bbdefault\u00a0\u00bb theme_builder_area=\u00a0\u00bbpost_content\u00a0\u00bb][et_pb_column _builder_version=\u00a0\u00bb4.23.1&Prime; _module_preset=\u00a0\u00bbdefault\u00a0\u00bb type=\u00a0\u00bb4_4&Prime; theme_builder_area=\u00a0\u00bbpost_content\u00a0\u00bb][et_pb_text _builder_version=\u00a0\u00bb4.23.1&Prime; _module_preset=\u00a0\u00bbdefault\u00a0\u00bb theme_builder_area=\u00a0\u00bbpost_content\u00a0\u00bb hover_enabled=\u00a0\u00bb0&Prime; sticky_enabled=\u00a0\u00bb0&Prime;]<h3>Puis-je b\u00e9n\u00e9ficier d\u2019une r\u00e9duction fiscale\u00a0?<\/h3>\n<p>Nous sommes une association locale de b\u00e9n\u00e9voles \u00e0 but non lucratif (loi 1901) et affili\u00e9e \u00e0 l\u2019Unapei, reconnue d\u2019utilit\u00e9 publique. De ce fait, en soutenant les Papillons Blancs des Vall\u00e9es, vous b\u00e9n\u00e9ficiez d\u2019une r\u00e9duction fiscale de 66% de votre don dans la limite de 20% de votre revenu net imposable.<\/p>\n<p>Un don de 100\u20ac ne vous coutera en r\u00e9alit\u00e9 que 34\u20ac.<\/p>[\/et_pb_text][et_pb_text _builder_version=\u00a0\u00bb4.23.1&Prime; _module_preset=\u00a0\u00bbdefault\u00a0\u00bb theme_builder_area=\u00a0\u00bbpost_content\u00a0\u00bb hover_enabled=\u00a0\u00bb0&Prime; sticky_enabled=\u00a0\u00bb0&Prime; custom_margin=\u00a0\u00bb||7px|||\u00a0\u00bb]<div class=\"column\">\n<p><strong>Vous pouvez effectuer un don en Ligne, par carte bancaire ou pr\u00e9l\u00e8vement, en utilisant la plate-forme de paiement HelloAsso<\/strong><\/p>\n<p><em>HelloAsso est un site fran\u00e7ais s\u00e9curis\u00e9 de paiement par Internet au service des associations.<br \/><\/em><em>Il offre un service gratuit pour les associations (il se r\u00e9mun\u00e8re par un pourboire facultatif lors du paiement).<\/em><\/p>\n<\/div>\n<div class=\"row\">\n<div class=\"rgpd_validation_block\"><\/div>\n<\/div>[\/et_pb_text][et_pb_text _builder_version=\u00a0\u00bb4.23.1&Prime; _module_preset=\u00a0\u00bbdefault\u00a0\u00bb theme_builder_area=\u00a0\u00bbpost_content\u00a0\u00bb hover_enabled=\u00a0\u00bb0&Prime; sticky_enabled=\u00a0\u00bb0&Prime;]<iframe id=\"haWidget\" allowtransparency=\"true\" scrolling=\"auto\" src=\"https:\/\/www.helloasso.com\/associations\/papillons-blancs-des-vallees\/formulaires\/1\/widget\" style=\"width: 100%; height: 1400px; border: none;\"><\/iframe>[\/et_pb_text][\/et_pb_column][\/et_pb_row][et_pb_row _builder_version=\u00a0\u00bb4.23.1&Prime; _module_preset=\u00a0\u00bbdefault\u00a0\u00bb theme_builder_area=\u00a0\u00bbpost_content\u00a0\u00bb][et_pb_column _builder_version=\u00a0\u00bb4.23.1&Prime; _module_preset=\u00a0\u00bbdefault\u00a0\u00bb type=\u00a0\u00bb4_4&Prime; theme_builder_area=\u00a0\u00bbpost_content\u00a0\u00bb][et_pb_text _builder_version=\u00a0\u00bb4.23.1&Prime; _module_preset=\u00a0\u00bbdefault\u00a0\u00bb theme_builder_area=\u00a0\u00bbpost_content\u00a0\u00bb hover_enabled=\u00a0\u00bb0&Prime; sticky_enabled=\u00a0\u00bb0&Prime;]<p>En application du RGPD et de la Loi Informatique et Libert\u00e9s, nous vous informons que nous collectons et traitons des donn\u00e9es \u00e0 caract\u00e8re personnel vous concernant.<\/p>\n<ul>\n<li>Le Responsable du traitement est l\u2019Association des Papillons Blancs des Vall\u00e9es;<\/li>\n\n<li>Le traitement a pour finalit\u00e9 la gestion et l\u2019utilisation d\u2019un r\u00e9pertoire de contact et de b\u00e9n\u00e9volat;<\/li>\n\n<li>vous avez le droit d\u2019acc\u00e8s au traitement pour lequel nous collectons les donn\u00e9es ainsi que, le cas \u00e9ch\u00e9ant, des droits compl\u00e9mentaires. Le DPO (D\u00e9l\u00e9gu\u00e9 \u00e0 la Protection des Donn\u00e9es Personnelles) de l\u2019association peut \u00eatre joint \u00e0 l\u2019adresse suivante :\u00a0<a href=\"mailto:dpo@pbchampagne.org\">dpo@lespapillonsblancs.fr<\/a>\n<\/li>\n<\/ul>[\/et_pb_text][\/et_pb_column][\/et_pb_row][\/et_pb_section]\n","protected":false},"excerpt":{"rendered":"<p>Gr\u00e2ce \u00e0 vos dons, nous embellissons leur quotidien Quel que soit le montant, chaque don est pr\u00e9cieux et contribue \u00e0 am\u00e9liorer les conditions de vie et de d\u00e9veloppement des personnes handicap\u00e9es que nous accueillons. Soutenez les femmes et les hommes qui \u0153uvrent tous les jours pour le handicap en faisant un don en ligne. Gr\u00e2ce [&hellip;]<\/p>\n","protected":false},"author":2,"featured_media":0,"parent":0,"menu_order":0,"comment_status":"closed","ping_status":"closed","template":"","meta":{"_et_pb_use_builder":"on","_et_pb_old_content":"","_et_gb_content_width":"","footnotes":""},"class_list":["post-250077","page","type-page","status-publish","hentry"],"_links":{"self":[{"href":"https:\/\/lespapillonsblancs.fr\/index.php\/wp-json\/wp\/v2\/pages\/250077","targetHints":{"allow":["GET"]}}],"collection":[{"href":"https:\/\/lespapillonsblancs.fr\/index.php\/wp-json\/wp\/v2\/pages"}],"about":[{"href":"https:\/\/lespapillonsblancs.fr\/index.php\/wp-json\/wp\/v2\/types\/page"}],"author":[{"embeddable":true,"href":"https:\/\/lespapillonsblancs.fr\/index.php\/wp-json\/wp\/v2\/users\/2"}],"replies":[{"embeddable":true,"href":"https:\/\/lespapillonsblancs.fr\/index.php\/wp-json\/wp\/v2\/comments?post=250077"}],"version-history":[{"count":3,"href":"https:\/\/lespapillonsblancs.fr\/index.php\/wp-json\/wp\/v2\/pages\/250077\/revisions"}],"predecessor-version":[{"id":250085,"href":"https:\/\/lespapillonsblancs.fr\/index.php\/wp-json\/wp\/v2\/pages\/250077\/revisions\/250085"}],"wp:attachment":[{"href":"https:\/\/lespapillonsblancs.fr\/index.php\/wp-json\/wp\/v2\/media?parent=250077"}],"curies":[{"name":"wp","href":"https:\/\/api.w.org\/{rel}","templated":true}]}}